{"id":5945,"date":"2019-01-18T14:41:22","date_gmt":"2019-01-18T13:41:22","guid":{"rendered":"https:\/\/sbbet-help.factoryww.com\/hockey\/"},"modified":"2019-01-18T15:02:39","modified_gmt":"2019-01-18T14:02:39","slug":"hockey","status":"publish","type":"page","link":"https:\/\/help.sbbet.me\/en\/hockey\/","title":{"rendered":"Hockey"},"content":{"rendered":"<div class=\"fusion-fullwidth fullwidth-box fusion-builder-row-1 hundred-percent-fullwidth non-hundred-percent-height-scrolling\" style=\"background-color: rgba(255,255,255,0);background-position: center center;background-repeat: no-repeat;padding-top:0px;padding-right:0px;padding-bottom:0px;padding-left:3%;margin-bottom: 0px;margin-top: 0px;border-width: 0px 0px 0px 0px;border-color:#eae9e9;border-style:solid;\" ><div class=\"fusion-builder-row fusion-row\"><div class=\"fusion-layout-column fusion_builder_column fusion-builder-column-0 fusion_builder_column_1_1 1_1 fusion-one-full fusion-column-first fusion-column-last vi-tabele\" style=\"margin-top:0px;margin-bottom:0px;\"><div class=\"fusion-column-wrapper fusion-flex-column-wrapper-legacy\" style=\"background-position:left top;background-repeat:no-repeat;-webkit-background-size:cover;-moz-background-size:cover;-o-background-size:cover;background-size:cover;padding: 0px 0px 0px 0px;\"><div class=\"fusion-text fusion-text-1\"><p><span style=\"font-size: 14pt;\">Final result<\/span><br \/>\nBetting on final score in regular time of match.<\/p>\n<\/div>\n<table style=\"width: 100%; border-collapse: none; border-style: none; border-color: none;\" border=\"1\">\n<thead>\n<tr>\n<td style=\"width: 25%; text-align: center;\">INDEX<\/td>\n<td style=\"width: 75%; text-align: center;\">EXPLANATION OF THE GAME<\/td>\n<\/tr>\n<\/thead>\n<tbody>\n<tr>\n<td style=\"width: 25%; text-align: center;\">1<\/td>\n<td style=\"width: 75%; text-align: center;\">Home team will win the match.<\/td>\n<\/tr>\n<tr>\n<td style=\"width: 25%; text-align: center;\">2<\/td>\n<td style=\"width: 75%; text-align: center;\">Away team will win the match  .<\/td>\n<\/tr>\n<tr>\n<td style=\"width: 25%; text-align: center;\">X<\/td>\n<td style=\"width: 75%; text-align: center;\">The match will end with draw result.<\/td>\n<\/tr>\n<\/tbody>\n<\/table>\n<div class=\"fusion-sep-clear\"><\/div><div class=\"fusion-separator fusion-full-width-sep\" style=\"margin-left: auto;margin-right: auto;margin-top:10px;margin-bottom:10px;width:100%;\"><\/div><div class=\"fusion-sep-clear\"><\/div><div class=\"fusion-text fusion-text-2\"><p><span style=\"font-size: 14pt;\">Double chance<\/span><br \/>\nBetting on two final score in regular time of match.<\/p>\n<\/div><div class=\"fusion-sep-clear\"><\/div><div class=\"fusion-separator fusion-full-width-sep\" style=\"margin-left: auto;margin-right: auto;margin-top:10px;margin-bottom:10px;width:100%;\"><\/div><div class=\"fusion-sep-clear\"><\/div>\n<table style=\"width: 100%; border-collapse: none; border-style: none; border-color: none;\" border=\"1\">\n<thead>\n<tr>\n<td style=\"width: 25%; text-align: center;\">INDEX<\/td>\n<td style=\"width: 75%; text-align: center;\">EXPLANATION OF THE GAME<\/td>\n<\/tr>\n<\/thead>\n<tbody>\n<tr>\n<td style=\"width: 25%; text-align: center;\">12<\/td>\n<td style=\"width: 75%; text-align: center;\">Utakmica \u0107e se zavr\u0161iti pobjedom doma\u0107ina ili gosta.<\/td>\n<\/tr>\n<tr>\n<td style=\"width: 25%; text-align: center;\">1X<\/td>\n<td style=\"width: 75%; text-align: center;\">Home or away team will win in the match.<\/td>\n<\/tr>\n<tr>\n<td style=\"width: 25%; text-align: center;\">X2<\/td>\n<td style=\"width: 75%; text-align: center;\">Away team will win or the match will end in a draw.<\/td>\n<\/tr>\n<\/tbody>\n<\/table>\n<div class=\"fusion-sep-clear\"><\/div><div class=\"fusion-separator fusion-full-width-sep\" style=\"margin-left: auto;margin-right: auto;margin-top:10px;margin-bottom:10px;width:100%;\"><\/div><div class=\"fusion-sep-clear\"><\/div><div class=\"fusion-text fusion-text-3\"><p><span style=\"font-size: 14pt;\">1st period<\/span><br \/>\nBetting on winner of the 1st period.<\/p>\n<\/div>\n<table style=\"width: 100%; border-collapse: none; border-style: none; border-color: none;\" border=\"1\">\n<thead>\n<tr>\n<td style=\"width: 25%; text-align: center;\">INDEX<\/td>\n<td style=\"width: 75%; text-align: center;\">EXPLANATION OF THE GAME<\/td>\n<\/tr>\n<\/thead>\n<tbody>\n<tr>\n<td style=\"width: 25%; text-align: center;\">pp 1<\/td>\n<td style=\"width: 75%; text-align: center;\">Home team wins first period.<\/td>\n<\/tr>\n<tr>\n<td style=\"width: 25%; text-align: center;\">pp 2<\/td>\n<td style=\"width: 75%; text-align: center;\">Away team wins first period.<\/td>\n<\/tr>\n<tr>\n<td style=\"width: 25%; text-align: center;\">pp X<\/td>\n<td style=\"width: 75%; text-align: center;\">The first period will end in a draw.<\/td>\n<\/tr>\n<\/tbody>\n<\/table>\n<div class=\"fusion-sep-clear\"><\/div><div class=\"fusion-separator fusion-full-width-sep\" style=\"margin-left: auto;margin-right: auto;margin-top:10px;margin-bottom:10px;width:100%;\"><\/div><div class=\"fusion-sep-clear\"><\/div><div class=\"fusion-text fusion-text-4\"><p><span style=\"font-size: 14pt;\">1st period &#8211; full time<\/span><br \/>\nBetting on winner of the 1st period and of  the full time.<\/p>\n<\/div>\n<table style=\"width: 100%; border-collapse: none; border-style: none; border-color: none;\" border=\"1\">\n<thead>\n<tr>\n<td style=\"width: 25%; text-align: center;\">INDEX<\/td>\n<td style=\"width: 75%; text-align: center;\">EXPLANATION OF THE GAME<\/td>\n<\/tr>\n<\/thead>\n<tbody>\n<tr>\n<td style=\"width: 25%; text-align: center;\">1-1<\/td>\n<td style=\"width: 75%; text-align: center;\">Home team will lead at the end of first period and win at full time.<\/td>\n<\/tr>\n<tr>\n<td style=\"width: 25%; text-align: center;\">1-2<\/td>\n<td style=\"width: 75%; text-align: center;\">Home team will lead at the end of first period and away team will win at full time.<\/td>\n<\/tr>\n<tr>\n<td style=\"width: 25%; text-align: center;\">1-X<\/td>\n<td style=\"width: 75%; text-align: center;\">Home team will lead at the end of first period and draw at full time.<\/td>\n<\/tr>\n<tr>\n<td style=\"width: 25%; text-align: center;\">2-1<\/td>\n<td style=\"width: 75%; text-align: center;\">Away team will lead at the end of first period and home team will win at full time.<\/td>\n<\/tr>\n<tr>\n<td style=\"width: 25%; text-align: center;\">2-2<\/td>\n<td style=\"width: 75%; text-align: center;\">Away team will lead at the end of first period and win at full time.<\/td>\n<\/tr>\n<tr>\n<td style=\"width: 25%; text-align: center;\">2-X<\/td>\n<td style=\"width: 75%; text-align: center;\">Away team will lead at the end of first period and draw at full time.<\/td>\n<\/tr>\n<tr>\n<td style=\"width: 25%; text-align: center;\">X-1<\/td>\n<td style=\"width: 75%; text-align: center;\">Draw at the end of first period and home team will win at full time.<\/td>\n<\/tr>\n<tr>\n<td style=\"width: 25%; text-align: center;\">X-2<\/td>\n<td style=\"width: 75%; text-align: center;\">Draw at the end of first period and away team will win at full time.<\/td>\n<\/tr>\n<tr>\n<td style=\"width: 25%; text-align: center;\">X-X<\/td>\n<td style=\"width: 75%; text-align: center;\">Draw at the end of first period and draw at full time.<\/td>\n<\/tr>\n<\/tbody>\n<\/table>\n<div class=\"fusion-sep-clear\"><\/div><div class=\"fusion-separator fusion-full-width-sep\" style=\"margin-left: auto;margin-right: auto;margin-top:10px;margin-bottom:10px;width:100%;\"><\/div><div class=\"fusion-sep-clear\"><\/div><div class=\"fusion-text fusion-text-5\"><p><span style=\"font-size: 14pt;\">X no bet<\/span><br \/>\nBetting on winner of the full time, draw will be refunded.<\/p>\n<\/div>\n<table style=\"width: 100%; border-collapse: none; border-style: none; border-color: none;\" border=\"1\">\n<thead>\n<tr>\n<td style=\"width: 25%; text-align: center;\">OZNAKA<\/td>\n<td style=\"width: 75%; text-align: center;\">EXPLANATION OF THE GAME<\/td>\n<\/tr>\n<\/thead>\n<tbody>\n<tr>\n<td style=\"width: 25%; text-align: center;\">xnb 1<\/td>\n<td style=\"width: 75%; text-align: center;\">Home team will win. Draw will be refunded.<\/td>\n<\/tr>\n<tr>\n<td style=\"width: 25%; text-align: center;\">xnb 2<\/td>\n<td style=\"width: 75%; text-align: center;\">Away team will win. Draw will be refunded.<\/td>\n<\/tr>\n<\/tbody>\n<\/table>\n<div class=\"fusion-sep-clear\"><\/div><div class=\"fusion-separator fusion-full-width-sep\" style=\"margin-left: auto;margin-right: auto;margin-top:10px;margin-bottom:10px;width:100%;\"><\/div><div class=\"fusion-sep-clear\"><\/div><div class=\"fusion-text fusion-text-6\"><p><span style=\"font-size: 14pt;\">X no bet 1st period<\/span><br \/>\nBetting on winner of the 1st period, draw will be refunded.<\/p>\n<\/div>\n<table style=\"width: 100%; border-collapse: none; border-style: none; border-color: none;\" border=\"1\">\n<thead>\n<tr>\n<td style=\"width: 25%; text-align: center;\">INDEX<\/td>\n<td style=\"width: 75%; text-align: center;\">EXPLANATION OF THE GAME<\/td>\n<\/tr>\n<\/thead>\n<tbody>\n<tr>\n<td style=\"width: 25%; text-align: center;\">xnbpp1<\/td>\n<td style=\"width: 75%; text-align: center;\">Home team will win 1st period. Draw will be refunded.<\/td>\n<\/tr>\n<tr>\n<td style=\"width: 25%; text-align: center;\">xnbpp 2<\/td>\n<td style=\"width: 75%; text-align: center;\">Away team will win1st period. Draw will be refunded.<\/td>\n<\/tr>\n<\/tbody>\n<\/table>\n<div class=\"fusion-sep-clear\"><\/div><div class=\"fusion-separator fusion-full-width-sep\" style=\"margin-left: auto;margin-right: auto;margin-top:10px;margin-bottom:10px;width:100%;\"><\/div><div class=\"fusion-sep-clear\"><\/div><div class=\"fusion-text fusion-text-7\"><p><span style=\"font-size: 14pt;\">Even &#8211; odd<\/span><\/p>\n<p>Betting on even or odd total points in the match.<\/p>\n<\/div>\n<table style=\"width: 100%; border-collapse: none; border-style: none; border-color: none;\" border=\"1\">\n<thead>\n<tr>\n<td style=\"width: 25%; text-align: center;\">INDEX<\/td>\n<td style=\"width: 75%; text-align: center;\">EXPLANATION OF THE GAME<\/td>\n<\/tr>\n<\/thead>\n<tbody>\n<tr>\n<td style=\"width: 25%; text-align: center;\">par<\/td>\n<td style=\"width: 75%; text-align: center;\">Total points will be odd.<\/td>\n<\/tr>\n<tr>\n<td style=\"width: 25%; text-align: center;\">nepar<\/td>\n<td style=\"width: 75%; text-align: center;\">Total points will be even.<\/td>\n<\/tr>\n<\/tbody>\n<\/table>\n<div class=\"fusion-sep-clear\"><\/div><div class=\"fusion-separator fusion-full-width-sep\" style=\"margin-left: auto;margin-right: auto;margin-top:10px;margin-bottom:10px;width:100%;\"><\/div><div class=\"fusion-sep-clear\"><\/div><div class=\"fusion-text fusion-text-8\"><p><span style=\"font-size: 14pt;\">Both teams to score<\/span><br \/>\nBetting on either team will score in the regular time of the match.<\/p>\n<\/div>\n<table style=\"width: 100%; border-collapse: none; border-style: none; border-color: none;\" border=\"1\">\n<thead>\n<tr>\n<td style=\"width: 25%; text-align: center;\">INDEX<\/td>\n<td style=\"width: 75%; text-align: center;\">EXPLANATION OF THE GAME<\/td>\n<\/tr>\n<\/thead>\n<tbody>\n<tr>\n<td style=\"width: 25%; text-align: center;\">GG<\/td>\n<td style=\"width: 75%; text-align: center;\">Either team will score 1 or more goals in the regular time of the match.<\/td>\n<\/tr>\n<tr>\n<td style=\"width: 25%; text-align: center;\">NG<\/td>\n<td style=\"width: 75%; text-align: center;\">One team will not score in the regular time of the match.<\/td>\n<\/tr>\n<\/tbody>\n<\/table>\n<div class=\"fusion-sep-clear\"><\/div><div class=\"fusion-separator fusion-full-width-sep\" style=\"margin-left: auto;margin-right: auto;margin-top:10px;margin-bottom:10px;width:100%;\"><\/div><div class=\"fusion-sep-clear\"><\/div><div class=\"fusion-text fusion-text-9\"><p><span style=\"font-size: 14pt;\">Total goals 1st period<\/span><br \/>\nBetting on either team will score in the  1st period of the match.<\/p>\n<\/div>\n<table style=\"width: 100%; border-collapse: none; border-style: none; border-color: none;\" border=\"1\">\n<thead>\n<tr>\n<td style=\"width: 25%; text-align: center;\">INDEX<\/td>\n<td style=\"width: 75%; text-align: center;\">EXPLANATION OF THE GAME<\/td>\n<\/tr>\n<\/thead>\n<tbody>\n<tr>\n<td style=\"width: 25%; text-align: center;\">bpp&lt;<\/td>\n<td style=\"width: 75%; text-align: center;\">Total goals in the 1st period to be under margin implied.<\/td>\n<\/tr>\n<tr>\n<td style=\"width: 25%; text-align: center;\">bpp&gt;<\/td>\n<td style=\"width: 75%; text-align: center;\">Total goals in the  1st period to be over margin implied.<\/td>\n<\/tr>\n<\/tbody>\n<\/table>\n<div class=\"fusion-sep-clear\"><\/div><div class=\"fusion-separator fusion-full-width-sep\" style=\"margin-left: auto;margin-right: auto;margin-top:10px;margin-bottom:10px;width:100%;\"><\/div><div class=\"fusion-sep-clear\"><\/div><div class=\"fusion-text fusion-text-10\"><p><span style=\"font-size: 14pt;\">Total goals<\/span><br \/>\nBetting on either team will score in the regular time of the match.<\/p>\n<\/div>\n<table style=\"width: 100%; border-collapse: none; border-style: none; border-color: none;\" border=\"1\">\n<thead>\n<tr>\n<td style=\"width: 25%; text-align: center;\">INDEX<\/td>\n<td style=\"width: 75%; text-align: center;\">EXPLANATION OF THE GAME<\/td>\n<\/tr>\n<\/thead>\n<tbody>\n<tr>\n<td style=\"width: 25%; text-align: center;\">bpk&lt;<\/td>\n<td style=\"width: 75%; text-align: center;\">Total goals scored in the match will  be under margin implied.<\/td>\n<\/tr>\n<tr>\n<td style=\"width: 25%; text-align: center;\">bpk&gt;<\/td>\n<td style=\"width: 75%; text-align: center;\">Total goals scored in the match will  be over margin implied.<\/td>\n<\/tr>\n<\/tbody>\n<\/table>\n<div class=\"fusion-sep-clear\"><\/div><div class=\"fusion-separator fusion-full-width-sep\" style=\"margin-left: auto;margin-right: auto;margin-top:10px;margin-bottom:10px;width:100%;\"><\/div><div class=\"fusion-sep-clear\"><\/div><div class=\"fusion-text fusion-text-11\"><p><span style=\"font-size: 14pt;\">Correct score<\/span><br \/>\nBetting on correct score in the regular time of the match.<\/p>\n<\/div>\n<table style=\"width: 100%; border-collapse: none; border-style: none; border-color: none;\" border=\"1\">\n<thead>\n<tr>\n<td style=\"width: 25%; text-align: center;\">INDEX<\/td>\n<td style=\"width: 75%; text-align: center;\">EXPLANATION OF THE GAME<\/td>\n<\/tr>\n<\/thead>\n<tbody>\n<tr>\n<td style=\"width: 25%; text-align: center;\">tr 0:=<\/td>\n<td style=\"width: 75%; text-align: center;\">Correct score will be 0:0..<\/td>\n<\/tr>\n<tr>\n<td style=\"width: 25%; text-align: center;\">tr 1:0<\/td>\n<td style=\"width: 75%; text-align: center;\">Correct score will be 1:0..<\/td>\n<\/tr>\n<tr>\n<td style=\"width: 25%; text-align: center;\">tr 1:1<\/td>\n<td style=\"width: 75%; text-align: center;\">Correct score will be 1:1.<\/td>\n<\/tr>\n<tr>\n<td style=\"width: 25%; text-align: center;\">tr 2:0<\/td>\n<td style=\"width: 75%; text-align: center;\">Correct score will be 2:0.<\/td>\n<\/tr>\n<tr>\n<td style=\"width: 25%; text-align: center;\">tr 2:1<\/td>\n<td style=\"width: 75%; text-align: center;\">Correct score will be 2:1.<\/td>\n<\/tr>\n<tr>\n<td style=\"width: 25%; text-align: center;\">tr 2:2<\/td>\n<td style=\"width: 75%; text-align: center;\">Correct score will be 2:2.<\/td>\n<\/tr>\n<tr>\n<td style=\"width: 25%; text-align: center;\">tr 3:0<\/td>\n<td style=\"width: 75%; text-align: center;\">Correct score will be 3:0.<\/td>\n<\/tr>\n<tr>\n<td style=\"width: 25%; text-align: center;\">tr 3:1<\/td>\n<td style=\"width: 75%; text-align: center;\">Correct score will be 3:1.<\/td>\n<\/tr>\n<tr>\n<td style=\"width: 25%; text-align: center;\">tr 3:2<\/td>\n<td style=\"width: 75%; text-align: center;\">Correct score will be 3:2.<\/td>\n<\/tr>\n<tr>\n<td style=\"width: 25%; text-align: center;\">tr 3:3<\/td>\n<td style=\"width: 75%; text-align: center;\">TCorrect score will be 3:3.<\/td>\n<\/tr>\n<tr>\n<td style=\"width: 25%; text-align: center;\"><\/td>\n<td style=\"width: 75%; text-align: center;\"><\/td>\n<\/tr>\n<tr>\n<td style=\"width: 25%; text-align: center;\">tr 4:0<\/td>\n<td style=\"width: 75%; text-align: center;\">Correct score will be 4:0.<\/td>\n<\/tr>\n<tr>\n<td style=\"width: 25%; text-align: center;\">tr 4:1<\/td>\n<td style=\"width: 75%; text-align: center;\">Correct score will be 4:1.<\/td>\n<\/tr>\n<tr>\n<td style=\"width: 25%; text-align: center;\">tr 4:2<\/td>\n<td style=\"width: 75%; text-align: center;\">Correct score will be 4:2.<\/td>\n<\/tr>\n<tr>\n<td style=\"width: 25%; text-align: center;\">tr 4:3<\/td>\n<td style=\"width: 75%; text-align: center;\">Correct score will be 4:3.<\/td>\n<\/tr>\n<tr>\n<td style=\"width: 25%; text-align: center;\">tr 0:1<\/td>\n<td style=\"width: 75%; text-align: center;\">Correct score will be 0:1.<\/td>\n<\/tr>\n<tr>\n<td style=\"width: 25%; text-align: center;\">tr 0:2<\/td>\n<td style=\"width: 75%; text-align: center;\">Correct score will be 0:2.<\/td>\n<\/tr>\n<tr>\n<td style=\"width: 25%; text-align: center;\">tr 0:3<\/td>\n<td style=\"width: 75%; text-align: center;\">Correct score will be 0:3.<\/td>\n<\/tr>\n<tr>\n<td style=\"width: 25%; text-align: center;\">tr 0:4<\/td>\n<td style=\"width: 75%; text-align: center;\">Correct score will be 0:4.<\/td>\n<\/tr>\n<tr>\n<td style=\"width: 25%; text-align: center;\">tr 1:2<\/td>\n<td style=\"width: 75%; text-align: center;\">Correct score will be 1:2.<\/td>\n<\/tr>\n<tr>\n<td style=\"width: 25%; text-align: center;\">tr 1:3<\/td>\n<td style=\"width: 75%; text-align: center;\">Correct score will be 1:3.<\/td>\n<\/tr>\n<tr>\n<td style=\"width: 25%; text-align: center;\">tr 1:4<\/td>\n<td style=\"width: 75%; text-align: center;\">Correct score will be 1:4.<\/td>\n<\/tr>\n<tr>\n<td style=\"width: 25%; text-align: center;\">tr 2:3<\/td>\n<td style=\"width: 75%; text-align: center;\">Correct score will be 2:3.<\/td>\n<\/tr>\n<tr>\n<td style=\"width: 25%; text-align: center;\">tr 2:4<\/td>\n<td style=\"width: 75%; text-align: center;\">Correct score will be 2:4.<\/td>\n<\/tr>\n<tr>\n<td style=\"width: 25%; text-align: center;\">tr 3:4<\/td>\n<td style=\"width: 75%; text-align: center;\">Correct score will be 3:4.<\/td>\n<\/tr>\n<tr>\n<td style=\"width: 25%; text-align: center;\">tr OSTALO<\/td>\n<td style=\"width: 75%; text-align: center;\">Correct score of the match will be one that is not listed in our offer.<\/td>\n<\/tr>\n<\/tbody>\n<\/table>\n<div class=\"fusion-sep-clear\"><\/div><div class=\"fusion-separator fusion-full-width-sep\" style=\"margin-left: auto;margin-right: auto;margin-top:10px;margin-bottom:10px;width:100%;\"><\/div><div class=\"fusion-sep-clear\"><\/div><div class=\"fusion-text fusion-text-12\"><p><span style=\"font-size: 14pt;\">Home team to score<\/span>Betting on number of goals of home team in regular time of the match<\/p>\n<\/div>\n<table style=\"width: 100%; border-collapse: none; border-style: none; border-color: none;\" border=\"1\">\n<thead>\n<tr>\n<td style=\"width: 25%; text-align: center;\">INDEX<\/td>\n<td style=\"width: 75%; text-align: center;\">EXPLANATION OF THE GAME<\/td>\n<\/tr>\n<\/thead>\n<tbody>\n<tr>\n<td style=\"width: 25%; text-align: center;\">t1 p&lt;<\/td>\n<td style=\"width: 75%; text-align: center;\">Home team will score less goals than margin implied in the regular time of the match.<\/td>\n<\/tr>\n<tr>\n<td style=\"width: 25%; text-align: center;\">t1 p&gt;<\/td>\n<td style=\"width: 75%; text-align: center;\">Home team will score more goals than margin implied in the regular time of the match.<\/td>\n<\/tr>\n<\/tbody>\n<\/table>\n<div class=\"fusion-sep-clear\"><\/div><div class=\"fusion-separator fusion-full-width-sep\" style=\"margin-left: auto;margin-right: auto;margin-top:10px;margin-bottom:10px;width:100%;\"><\/div><div class=\"fusion-sep-clear\"><\/div><div class=\"fusion-text fusion-text-13\"><p><span style=\"font-size: 14pt;\">Away team to score<\/span>Betting on number of goals of away team in regular time of the match<\/p>\n<\/div>\n<table style=\"width: 100%; border-collapse: none; border-style: none; border-color: none;\" border=\"1\">\n<thead>\n<tr>\n<td style=\"width: 25%; text-align: center;\">INDEX<\/td>\n<td style=\"width: 75%; text-align: center;\">EXPLANATION OF THE GAME<\/td>\n<\/tr>\n<\/thead>\n<tbody>\n<tr>\n<td style=\"width: 25%; text-align: center;\">t2 p&lt;<\/td>\n<td style=\"width: 75%; text-align: center;\">Away team will score less goals than margin implied in the regular time of the match.<\/td>\n<\/tr>\n<tr>\n<td style=\"width: 25%; text-align: center;\">t2 p&gt;<\/td>\n<td style=\"width: 75%; text-align: center;\">Away team will score more goals than margin implied in the regular time of the match.<\/td>\n<\/tr>\n<\/tbody>\n<\/table>\n<div class=\"fusion-sep-clear\"><\/div><div class=\"fusion-separator fusion-full-width-sep\" style=\"margin-left: auto;margin-right: auto;margin-top:10px;margin-bottom:10px;width:100%;\"><\/div><div class=\"fusion-sep-clear\"><\/div><div class=\"fusion-text fusion-text-14\"><p><span style=\"font-size: 14pt;\">SB combinations<\/span><br \/>\nBetting on SB combinations<\/p>\n<\/div>\n<table style=\"width: 100%; border-collapse: none; border-style: none; border-color: none;\" border=\"1\">\n<thead>\n<tr>\n<td style=\"width: 25%; text-align: center;\">INDEX<\/td>\n<td style=\"width: 75%; text-align: center;\">EXPLANATION OF THE GAME<\/td>\n<\/tr>\n<\/thead>\n<tbody>\n<tr>\n<td style=\"width: 25%; text-align: center;\">1 &amp; bpk&lt;<\/td>\n<td style=\"width: 75%; text-align: center;\">Home team will win and gain less goals than margin implied .<\/td>\n<\/tr>\n<tr>\n<td style=\"width: 25%; text-align: center;\">1 &amp; bpk&gt;<\/td>\n<td style=\"width: 75%; text-align: center;\">Home team will win and gain more goals than margin implied .<\/td>\n<\/tr>\n<tr>\n<td style=\"width: 25%; text-align: center;\">2 &amp; bpk&lt;<\/td>\n<td style=\"width: 75%; text-align: center;\">Away team will win and gain less goals than margin implied .<\/td>\n<\/tr>\n<tr>\n<td style=\"width: 25%; text-align: center;\">2 &amp; bpk&gt;<\/td>\n<td style=\"width: 75%; text-align: center;\">Away team will win and gain more goals than margin implied .<\/td>\n<\/tr>\n<\/tbody>\n<\/table>\n<div class=\"fusion-text fusion-text-15\"><p>Note:<br \/>\nIt is possible that in the games Home team and Away team 2 to score, the shown result of the goals is different..<\/p>\n<\/div><div class=\"fusion-clearfix\"><\/div><\/div><\/div><\/div><\/div>\n","protected":false},"excerpt":{"rendered":"","protected":false},"author":5,"featured_media":0,"parent":0,"menu_order":0,"comment_status":"closed","ping_status":"closed","template":"","meta":[],"_links":{"self":[{"href":"https:\/\/help.sbbet.me\/en\/wp-json\/wp\/v2\/pages\/5945"}],"collection":[{"href":"https:\/\/help.sbbet.me\/en\/wp-json\/wp\/v2\/pages"}],"about":[{"href":"https:\/\/help.sbbet.me\/en\/wp-json\/wp\/v2\/types\/page"}],"author":[{"embeddable":true,"href":"https:\/\/help.sbbet.me\/en\/wp-json\/wp\/v2\/users\/5"}],"replies":[{"embeddable":true,"href":"https:\/\/help.sbbet.me\/en\/wp-json\/wp\/v2\/comments?post=5945"}],"version-history":[{"count":3,"href":"https:\/\/help.sbbet.me\/en\/wp-json\/wp\/v2\/pages\/5945\/revisions"}],"predecessor-version":[{"id":5948,"href":"https:\/\/help.sbbet.me\/en\/wp-json\/wp\/v2\/pages\/5945\/revisions\/5948"}],"wp:attachment":[{"href":"https:\/\/help.sbbet.me\/en\/wp-json\/wp\/v2\/media?parent=5945"}],"curies":[{"name":"wp","href":"https:\/\/api.w.org\/{rel}","templated":true}]}}